{"id":117,"date":"2020-08-03T12:13:37","date_gmt":"2020-08-03T12:13:37","guid":{"rendered":"http:\/\/demo.athemes.com\/sydney-shop\/?page_id=4"},"modified":"2023-09-27T22:46:35","modified_gmt":"2023-09-27T19:46:35","slug":"home","status":"publish","type":"page","link":"https:\/\/fonds.rvvg.lv\/shop\/","title":{"rendered":"RVV\u0122 Atbalsta fonda interneta veikals"},"content":{"rendered":"\t\t<div data-elementor-type=\"wp-page\" data-elementor-id=\"117\" class=\"elementor elementor-117\">\n\t\t\t\t\t\t<section class=\"elementor-section elementor-top-section elementor-element elementor-element-524a5cd3 elementor-section-content-middle elementor-section-boxed elementor-section-height-default elementor-section-height-default\" data-id=\"524a5cd3\" data-element_type=\"section\" data-e-type=\"section\" data-settings=\"{&quot;background_background&quot;:&quot;classic&quot;}\">\n\t\t\t\t\t\t<div class=\"elementor-container elementor-column-gap-default\">\n\t\t\t\t\t<div class=\"elementor-column elementor-col-100 elementor-top-column elementor-element elementor-element-3a8eec3f\" data-id=\"3a8eec3f\" data-element_type=\"column\" data-e-type=\"column\">\n\t\t\t<div class=\"elementor-widget-wrap elementor-element-populated\">\n\t\t\t\t\t\t<div class=\"elementor-element elementor-element-734cace2 elementor-widget elementor-widget-heading\" data-id=\"734cace2\" data-element_type=\"widget\" data-e-type=\"widget\" data-widget_type=\"heading.default\">\n\t\t\t\t<div class=\"elementor-widget-container\">\n\t\t\t\t\t<h2 class=\"elementor-heading-title elementor-size-default\">Tavas skolas preces<\/h2>\t\t\t\t<\/div>\n\t\t\t\t<\/div>\n\t\t\t\t<div class=\"elementor-element elementor-element-5c2a80c6 elementor-widget elementor-widget-text-editor\" data-id=\"5c2a80c6\" data-element_type=\"widget\" data-e-type=\"widget\" data-widget_type=\"text-editor.default\">\n\t\t\t\t<div class=\"elementor-widget-container\">\n\t\t\t\t\t\t\t\t\t<p>Ieg\u0101d\u0101jies ar savu skolu saist\u012btas preces<\/p>\t\t\t\t\t\t\t\t<\/div>\n\t\t\t\t<\/div>\n\t\t\t\t<div class=\"elementor-element elementor-element-7bd664f6 elementor-mobile-align-center elementor-widget elementor-widget-button\" data-id=\"7bd664f6\" data-element_type=\"widget\" data-e-type=\"widget\" data-widget_type=\"button.default\">\n\t\t\t\t<div class=\"elementor-widget-container\">\n\t\t\t\t\t\t\t\t\t<div class=\"elementor-button-wrapper\">\n\t\t\t\t\t<a class=\"elementor-button elementor-button-link elementor-size-sm\" href=\"\/shop\/veikals\">\n\t\t\t\t\t\t<span class=\"elementor-button-content-wrapper\">\n\t\t\t\t\t\t\t\t\t<span class=\"elementor-button-text\">Iepirkties<\/span>\n\t\t\t\t\t<\/span>\n\t\t\t\t\t<\/a>\n\t\t\t\t<\/div>\n\t\t\t\t\t\t\t\t<\/div>\n\t\t\t\t<\/div>\n\t\t\t\t\t<\/div>\n\t\t<\/div>\n\t\t\t\t\t<\/div>\n\t\t<\/section>\n\t\t\t\t<section class=\"elementor-section elementor-top-section elementor-element elementor-element-e5446ed elementor-section-boxed elementor-section-height-default elementor-section-height-default\" data-id=\"e5446ed\" data-element_type=\"section\" data-e-type=\"section\">\n\t\t\t\t\t\t<div class=\"elementor-container elementor-column-gap-default\">\n\t\t\t\t\t<div class=\"elementor-column elementor-col-100 elementor-top-column elementor-element elementor-element-68d700f\" data-id=\"68d700f\" data-element_type=\"column\" data-e-type=\"column\">\n\t\t\t<div class=\"elementor-widget-wrap elementor-element-populated\">\n\t\t\t\t\t\t<div class=\"elementor-element elementor-element-143d3659 elementor-widget elementor-widget-heading\" data-id=\"143d3659\" data-element_type=\"widget\" data-e-type=\"widget\" data-widget_type=\"heading.default\">\n\t\t\t\t<div class=\"elementor-widget-container\">\n\t\t\t\t\t<h2 class=\"elementor-heading-title elementor-size-default\">Ieg\u0101de un pieg\u0101de<\/h2>\t\t\t\t<\/div>\n\t\t\t\t<\/div>\n\t\t\t\t\t<\/div>\n\t\t<\/div>\n\t\t\t\t\t<\/div>\n\t\t<\/section>\n\t\t\t\t<section class=\"elementor-section elementor-top-section elementor-element elementor-element-c9cea36 elementor-section-boxed elementor-section-height-default elementor-section-height-default\" data-id=\"c9cea36\" data-element_type=\"section\" data-e-type=\"section\" data-settings=\"{&quot;background_background&quot;:&quot;slideshow&quot;,&quot;background_slideshow_gallery&quot;:[{&quot;id&quot;:209,&quot;url&quot;:&quot;https:\\\/\\\/fonds.rvvg.lv\\\/shop\\\/wp-content\\\/uploads\\\/2021\\\/08\\\/brown-cardboard-box-beside-white-wooden-door-stockpack-unsplash-scaled.jpg&quot;}],&quot;background_slideshow_slide_duration&quot;:100,&quot;background_slideshow_slide_transition&quot;:&quot;fade&quot;,&quot;background_slideshow_transition_duration&quot;:500}\">\n\t\t\t\t\t\t\t<div class=\"elementor-background-overlay\"><\/div>\n\t\t\t\t\t\t\t<div class=\"elementor-container elementor-column-gap-default\">\n\t\t\t\t\t<div class=\"elementor-column elementor-col-100 elementor-top-column elementor-element elementor-element-9667574\" data-id=\"9667574\" data-element_type=\"column\" data-e-type=\"column\">\n\t\t\t<div class=\"elementor-widget-wrap elementor-element-populated\">\n\t\t\t\t\t\t<div class=\"elementor-element elementor-element-e871641 elementor-widget elementor-widget-text-editor\" data-id=\"e871641\" data-element_type=\"widget\" data-e-type=\"widget\" data-widget_type=\"text-editor.default\">\n\t\t\t\t<div class=\"elementor-widget-container\">\n\t\t\t\t\t\t\t\t\t<p>Ieg\u0101d\u0101joties preces RVV\u0122 Atbalsta fonda interneta veikal\u0101, j\u016bs ieg\u016bstat ne vien RVV\u0122 kvalit\u0101ti, bet ar\u012b atbalst\u0101t m\u016bsu labos darbus. Pre\u010du sa\u0146em\u0161ana iesp\u0113jama 2 veidos:<\/p>\t\t\t\t\t\t\t\t<\/div>\n\t\t\t\t<\/div>\n\t\t\t\t<section class=\"elementor-section elementor-inner-section elementor-element elementor-element-f8b3592 elementor-section-boxed elementor-section-height-default elementor-section-height-default\" data-id=\"f8b3592\" data-element_type=\"section\" data-e-type=\"section\">\n\t\t\t\t\t\t<div class=\"elementor-container elementor-column-gap-default\">\n\t\t\t\t\t<div class=\"elementor-column elementor-col-50 elementor-inner-column elementor-element elementor-element-cb6d2cb\" data-id=\"cb6d2cb\" data-element_type=\"column\" data-e-type=\"column\">\n\t\t\t<div class=\"elementor-widget-wrap elementor-element-populated\">\n\t\t\t\t\t\t<div class=\"elementor-element elementor-element-bd6bb7d elementor-widget elementor-widget-heading\" data-id=\"bd6bb7d\" data-element_type=\"widget\" data-e-type=\"widget\" data-widget_type=\"heading.default\">\n\t\t\t\t<div class=\"elementor-widget-container\">\n\t\t\t\t\t<h2 class=\"elementor-heading-title elementor-size-default\">Sa\u0146em skol\u0101<\/h2>\t\t\t\t<\/div>\n\t\t\t\t<\/div>\n\t\t\t\t<div class=\"elementor-element elementor-element-57f3c4c elementor-widget elementor-widget-text-editor\" data-id=\"57f3c4c\" data-element_type=\"widget\" data-e-type=\"widget\" data-widget_type=\"text-editor.default\">\n\t\t\t\t<div class=\"elementor-widget-container\">\n\t\t\t\t\t\t\t\t\t<p>M\u0113s Jums piezvan\u012bsim uz pas\u016bt\u012bjum\u0101 nor\u0101d\u012bto t\u0101lru\u0146a numuru un inform\u0113sim par preces sa\u0146em\u0161anas iesp\u0113j\u0101m.<\/p>\t\t\t\t\t\t\t\t<\/div>\n\t\t\t\t<\/div>\n\t\t\t\t\t<\/div>\n\t\t<\/div>\n\t\t\t\t<div class=\"elementor-column elementor-col-50 elementor-inner-column elementor-element elementor-element-4f306c6\" data-id=\"4f306c6\" data-element_type=\"column\" data-e-type=\"column\">\n\t\t\t<div class=\"elementor-widget-wrap elementor-element-populated\">\n\t\t\t\t\t\t<div class=\"elementor-element elementor-element-d07fc34 elementor-widget elementor-widget-heading\" data-id=\"d07fc34\" data-element_type=\"widget\" data-e-type=\"widget\" data-widget_type=\"heading.default\">\n\t\t\t\t<div class=\"elementor-widget-container\">\n\t\t\t\t\t<h2 class=\"elementor-heading-title elementor-size-default\">sa\u0146em Omniva pakom\u0101t\u0101<\/h2>\t\t\t\t<\/div>\n\t\t\t\t<\/div>\n\t\t\t\t<div class=\"elementor-element elementor-element-2e4daeb elementor-widget elementor-widget-text-editor\" data-id=\"2e4daeb\" data-element_type=\"widget\" data-e-type=\"widget\" data-widget_type=\"text-editor.default\">\n\t\t\t\t<div class=\"elementor-widget-container\">\n\t\t\t\t\t\t\t\t\t<p>M\u0113s nos\u016bt\u012bsim preci uz J\u016bsu nor\u0101d\u012bto pakom\u0101tu<\/p>\t\t\t\t\t\t\t\t<\/div>\n\t\t\t\t<\/div>\n\t\t\t\t\t<\/div>\n\t\t<\/div>\n\t\t\t\t\t<\/div>\n\t\t<\/section>\n\t\t\t\t\t<\/div>\n\t\t<\/div>\n\t\t\t\t\t<\/div>\n\t\t<\/section>\n\t\t\t\t<section class=\"elementor-section elementor-top-section elementor-element elementor-element-31ea78d5 elementor-section-boxed elementor-section-height-default elementor-section-height-default\" data-id=\"31ea78d5\" data-element_type=\"section\" data-e-type=\"section\">\n\t\t\t\t\t\t<div class=\"elementor-container elementor-column-gap-default\">\n\t\t\t\t\t<div class=\"elementor-column elementor-col-100 elementor-top-column elementor-element elementor-element-74c20cb1\" data-id=\"74c20cb1\" data-element_type=\"column\" data-e-type=\"column\">\n\t\t\t<div class=\"elementor-widget-wrap elementor-element-populated\">\n\t\t\t\t\t\t<div class=\"elementor-element elementor-element-ebbc5a0 elementor-widget elementor-widget-heading\" data-id=\"ebbc5a0\" data-element_type=\"widget\" data-e-type=\"widget\" data-widget_type=\"heading.default\">\n\t\t\t\t<div class=\"elementor-widget-container\">\n\t\t\t\t\t<h2 class=\"elementor-heading-title elementor-size-default\">Produkti<\/h2>\t\t\t\t<\/div>\n\t\t\t\t<\/div>\n\t\t\t\t<div class=\"elementor-element elementor-element-e9f544f elementor-widget elementor-widget-shortcode\" data-id=\"e9f544f\" data-element_type=\"widget\" data-e-type=\"widget\" data-widget_type=\"shortcode.default\">\n\t\t\t\t<div class=\"elementor-widget-container\">\n\t\t\t\t\t\t\t<div class=\"elementor-shortcode\"><div class=\"woocommerce columns-4 \"><ul class=\"products columns-4\">\n<li class=\"product type-product post-464 status-publish first instock product_cat-rvvg product_tag-filma has-post-thumbnail shipping-taxable purchasable product-type-simple\">\n\t<a href=\"https:\/\/fonds.rvvg.lv\/shop\/veikals\/filma-pirmais-gadsimts-agenskalna-usb\/\" class=\"woocommerce-LoopProduct-link woocommerce-loop-product__link\"><div class=\"yith-placeholder\"><\/div><img fetchpriority=\"high\" decoding=\"async\" width=\"420\" height=\"420\" src=\"https:\/\/fonds.rvvg.lv\/shop\/wp-content\/uploads\/2022\/11\/IMG-20221101-WA0003-1-420x420.jpg\" class=\"attachment-woocommerce_thumbnail size-woocommerce_thumbnail\" alt=\"Filma &quot;Pirmais gadsimts \u0100genskaln\u0101&quot; USB\" srcset=\"https:\/\/fonds.rvvg.lv\/shop\/wp-content\/uploads\/2022\/11\/IMG-20221101-WA0003-1-420x420.jpg 420w, https:\/\/fonds.rvvg.lv\/shop\/wp-content\/uploads\/2022\/11\/IMG-20221101-WA0003-1-100x100.jpg 100w, https:\/\/fonds.rvvg.lv\/shop\/wp-content\/uploads\/2022\/11\/IMG-20221101-WA0003-1-150x150.jpg 150w, https:\/\/fonds.rvvg.lv\/shop\/wp-content\/uploads\/2022\/11\/IMG-20221101-WA0003-1-300x300.jpg 300w\" sizes=\"(max-width: 420px) 100vw, 420px\" \/><h2 class=\"woocommerce-loop-product__title\">Filma &#8220;Pirmais gadsimts \u0100genskaln\u0101&#8221; USB<\/h2>\n\t<span class=\"price\"><span class=\"woocommerce-Price-amount amount\"><bdi><span class=\"woocommerce-Price-currencySymbol\">&euro;<\/span>20.00<\/bdi><\/span><\/span>\n<\/a><div class=\"loop-button-wrapper\"><a href=\"\/shop\/wp-json\/wp\/v2\/pages\/117?doing_wp_cron=1776232066.2759120464324951171875&#038;add-to-cart=464\" data-quantity=\"1\" class=\"button product_type_simple add_to_cart_button ajax_add_to_cart\" data-product_id=\"464\" data-product_sku=\"\" aria-label=\"Add to cart: &ldquo;Filma &quot;Pirmais gadsimts \u0100genskaln\u0101&quot; USB&rdquo;\" rel=\"nofollow\" data-success_message=\"&ldquo;Filma &quot;Pirmais gadsimts \u0100genskaln\u0101&quot; USB&rdquo; has been added to your cart\" role=\"button\"><span><i class=\"sydney-svg-icon\"><svg xmlns=\"http:\/\/www.w3.org\/2000\/svg\" viewBox=\"0 0 576 512\"><path d=\"M528.12 301.319l47.273-208C578.806 78.301 567.391 64 551.99 64H159.208l-9.166-44.81C147.758 8.021 137.93 0 126.529 0H24C10.745 0 0 10.745 0 24v16c0 13.255 10.745 24 24 24h69.883l70.248 343.435C147.325 417.1 136 435.222 136 456c0 30.928 25.072 56 56 56s56-25.072 56-56c0-15.674-6.447-29.835-16.824-40h209.647C430.447 426.165 424 440.326 424 456c0 30.928 25.072 56 56 56s56-25.072 56-56c0-22.172-12.888-41.332-31.579-50.405l5.517-24.276c3.413-15.018-8.002-29.319-23.403-29.319H218.117l-6.545-32h293.145c11.206 0 20.92-7.754 23.403-18.681z\" \/><\/svg><\/i><\/span> Pievienot grozam<\/a><\/div>\t<span id=\"woocommerce_loop_add_to_cart_link_describedby_464\" class=\"screen-reader-text\">\n\t\t\t<\/span>\n<\/li>\n<li class=\"product type-product post-482 status-publish instock product_cat-rvvg has-post-thumbnail shipping-taxable purchasable product-type-variable\">\n\t<a href=\"https:\/\/fonds.rvvg.lv\/shop\/veikals\/pudeles\/\" class=\"woocommerce-LoopProduct-link woocommerce-loop-product__link\"><div class=\"yith-placeholder\"><\/div><img decoding=\"async\" width=\"420\" height=\"420\" src=\"https:\/\/fonds.rvvg.lv\/shop\/wp-content\/uploads\/2022\/12\/1670232118764-420x420.jpg\" class=\"attachment-woocommerce_thumbnail size-woocommerce_thumbnail\" alt=\"Pudeles\" srcset=\"https:\/\/fonds.rvvg.lv\/shop\/wp-content\/uploads\/2022\/12\/1670232118764-420x420.jpg 420w, https:\/\/fonds.rvvg.lv\/shop\/wp-content\/uploads\/2022\/12\/1670232118764-100x100.jpg 100w, https:\/\/fonds.rvvg.lv\/shop\/wp-content\/uploads\/2022\/12\/1670232118764-800x800.jpg 800w, https:\/\/fonds.rvvg.lv\/shop\/wp-content\/uploads\/2022\/12\/1670232118764-300x300.jpg 300w, https:\/\/fonds.rvvg.lv\/shop\/wp-content\/uploads\/2022\/12\/1670232118764-1024x1024.jpg 1024w, https:\/\/fonds.rvvg.lv\/shop\/wp-content\/uploads\/2022\/12\/1670232118764-150x150.jpg 150w, https:\/\/fonds.rvvg.lv\/shop\/wp-content\/uploads\/2022\/12\/1670232118764-768x768.jpg 768w, https:\/\/fonds.rvvg.lv\/shop\/wp-content\/uploads\/2022\/12\/1670232118764-1536x1536.jpg 1536w, https:\/\/fonds.rvvg.lv\/shop\/wp-content\/uploads\/2022\/12\/1670232118764-2048x2048.jpg 2048w, https:\/\/fonds.rvvg.lv\/shop\/wp-content\/uploads\/2022\/12\/1670232118764-830x830.jpg 830w, https:\/\/fonds.rvvg.lv\/shop\/wp-content\/uploads\/2022\/12\/1670232118764-230x230.jpg 230w, https:\/\/fonds.rvvg.lv\/shop\/wp-content\/uploads\/2022\/12\/1670232118764-350x350.jpg 350w, https:\/\/fonds.rvvg.lv\/shop\/wp-content\/uploads\/2022\/12\/1670232118764-480x480.jpg 480w, https:\/\/fonds.rvvg.lv\/shop\/wp-content\/uploads\/2022\/12\/1670232118764-600x600.jpg 600w\" sizes=\"(max-width: 420px) 100vw, 420px\" \/><h2 class=\"woocommerce-loop-product__title\">Pudeles<\/h2>\n\t<span class=\"price\"><span class=\"woocommerce-Price-amount amount\"><bdi><span class=\"woocommerce-Price-currencySymbol\">&euro;<\/span>15.00<\/bdi><\/span><\/span>\n<\/a><div class=\"loop-button-wrapper\"><a href=\"https:\/\/fonds.rvvg.lv\/shop\/veikals\/pudeles\/\" data-quantity=\"1\" class=\"button product_type_variable add_to_cart_button\" data-product_id=\"482\" data-product_sku=\"\" aria-label=\"Izv\u0113lieties opcijas priek\u0161 &ldquo;Pudeles&rdquo;\" rel=\"nofollow\">Izv\u0113lieties<\/a><\/div>\t<span id=\"woocommerce_loop_add_to_cart_link_describedby_482\" class=\"screen-reader-text\">\n\t\tThis product has multiple variants. The options may be chosen on the product page\t<\/span>\n<\/li>\n<li class=\"product type-product post-174 status-publish instock product_cat-rvvg has-post-thumbnail shipping-taxable purchasable product-type-simple\">\n\t<a href=\"https:\/\/fonds.rvvg.lv\/shop\/veikals\/rvvg-vestures-gramata\/\" class=\"woocommerce-LoopProduct-link woocommerce-loop-product__link\"><div class=\"yith-placeholder\"><\/div><img decoding=\"async\" width=\"420\" height=\"420\" src=\"https:\/\/fonds.rvvg.lv\/shop\/wp-content\/uploads\/2021\/08\/skolas_vestures_gramata-420x420.jpg\" class=\"attachment-woocommerce_thumbnail size-woocommerce_thumbnail\" alt=\"Skolas v\u0113stures gr\u0101mata\" srcset=\"https:\/\/fonds.rvvg.lv\/shop\/wp-content\/uploads\/2021\/08\/skolas_vestures_gramata-420x420.jpg 420w, https:\/\/fonds.rvvg.lv\/shop\/wp-content\/uploads\/2021\/08\/skolas_vestures_gramata-100x100.jpg 100w, https:\/\/fonds.rvvg.lv\/shop\/wp-content\/uploads\/2021\/08\/skolas_vestures_gramata-150x150.jpg 150w, https:\/\/fonds.rvvg.lv\/shop\/wp-content\/uploads\/2021\/08\/skolas_vestures_gramata-300x300.jpg 300w\" sizes=\"(max-width: 420px) 100vw, 420px\" \/><h2 class=\"woocommerce-loop-product__title\">RVV\u0122 v\u0113stures gr\u0101mata<\/h2>\n\t<span class=\"price\"><span class=\"woocommerce-Price-amount amount\"><bdi><span class=\"woocommerce-Price-currencySymbol\">&euro;<\/span>20.00<\/bdi><\/span><\/span>\n<\/a><div class=\"loop-button-wrapper\"><a href=\"\/shop\/wp-json\/wp\/v2\/pages\/117?doing_wp_cron=1776232066.2759120464324951171875&#038;add-to-cart=174\" data-quantity=\"1\" class=\"button product_type_simple add_to_cart_button ajax_add_to_cart\" data-product_id=\"174\" data-product_sku=\"\" aria-label=\"Add to cart: &ldquo;RVV\u0122 v\u0113stures gr\u0101mata&rdquo;\" rel=\"nofollow\" data-success_message=\"&ldquo;RVV\u0122 v\u0113stures gr\u0101mata&rdquo; has been added to your cart\" role=\"button\"><span><i class=\"sydney-svg-icon\"><svg xmlns=\"http:\/\/www.w3.org\/2000\/svg\" viewBox=\"0 0 576 512\"><path d=\"M528.12 301.319l47.273-208C578.806 78.301 567.391 64 551.99 64H159.208l-9.166-44.81C147.758 8.021 137.93 0 126.529 0H24C10.745 0 0 10.745 0 24v16c0 13.255 10.745 24 24 24h69.883l70.248 343.435C147.325 417.1 136 435.222 136 456c0 30.928 25.072 56 56 56s56-25.072 56-56c0-15.674-6.447-29.835-16.824-40h209.647C430.447 426.165 424 440.326 424 456c0 30.928 25.072 56 56 56s56-25.072 56-56c0-22.172-12.888-41.332-31.579-50.405l5.517-24.276c3.413-15.018-8.002-29.319-23.403-29.319H218.117l-6.545-32h293.145c11.206 0 20.92-7.754 23.403-18.681z\" \/><\/svg><\/i><\/span> Pievienot grozam<\/a><\/div>\t<span id=\"woocommerce_loop_add_to_cart_link_describedby_174\" class=\"screen-reader-text\">\n\t\t\t<\/span>\n<\/li>\n<\/ul>\n<\/div><\/div>\n\t\t\t\t\t\t<\/div>\n\t\t\t\t<\/div>\n\t\t\t\t\t<\/div>\n\t\t<\/div>\n\t\t\t\t\t<\/div>\n\t\t<\/section>\n\t\t\t\t<\/div>\n\t\t","protected":false},"excerpt":{"rendered":"<p>Tavas skolas preces Ieg\u0101d\u0101jies ar savu skolu saist\u012btas preces Iepirkties Ieg\u0101de un pieg\u0101de Ieg\u0101d\u0101joties preces RVV\u0122 Atbalsta fonda interneta veikal\u0101, j\u016bs ieg\u016bstat [&hellip;]<\/p>\n","protected":false},"author":3,"featured_media":0,"parent":0,"menu_order":0,"comment_status":"closed","ping_status":"closed","template":"page-templates\/page_front-page.php","meta":{"footnotes":""},"class_list":["post-117","page","type-page","status-publish","hentry"],"_links":{"self":[{"href":"https:\/\/fonds.rvvg.lv\/shop\/wp-json\/wp\/v2\/pages\/117","targetHints":{"allow":["GET"]}}],"collection":[{"href":"https:\/\/fonds.rvvg.lv\/shop\/wp-json\/wp\/v2\/pages"}],"about":[{"href":"https:\/\/fonds.rvvg.lv\/shop\/wp-json\/wp\/v2\/types\/page"}],"author":[{"embeddable":true,"href":"https:\/\/fonds.rvvg.lv\/shop\/wp-json\/wp\/v2\/users\/3"}],"replies":[{"embeddable":true,"href":"https:\/\/fonds.rvvg.lv\/shop\/wp-json\/wp\/v2\/comments?post=117"}],"version-history":[{"count":55,"href":"https:\/\/fonds.rvvg.lv\/shop\/wp-json\/wp\/v2\/pages\/117\/revisions"}],"predecessor-version":[{"id":598,"href":"https:\/\/fonds.rvvg.lv\/shop\/wp-json\/wp\/v2\/pages\/117\/revisions\/598"}],"wp:attachment":[{"href":"https:\/\/fonds.rvvg.lv\/shop\/wp-json\/wp\/v2\/media?parent=117"}],"curies":[{"name":"wp","href":"https:\/\/api.w.org\/{rel}","templated":true}]}}