{"id":174,"date":"2021-08-23T10:24:55","date_gmt":"2021-08-23T07:24:55","guid":{"rendered":"https:\/\/fonds.rvvg.lv\/shop\/?post_type=product&#038;p=174"},"modified":"2025-10-02T23:09:57","modified_gmt":"2025-10-02T20:09:57","slug":"rvvg-vestures-gramata","status":"publish","type":"product","link":"https:\/\/fonds.rvvg.lv\/shop\/veikals\/rvvg-vestures-gramata\/","title":{"rendered":"RVV\u0122 v\u0113stures gr\u0101mata"},"content":{"rendered":"","protected":false},"excerpt":{"rendered":"<p>\u0160is ir v\u0113stures gr\u0101matas 2.izdevums.<\/p>\n","protected":false},"featured_media":228,"comment_status":"open","ping_status":"closed","template":"","meta":[],"product_brand":[],"product_cat":[27],"product_tag":[],"class_list":{"0":"post-174","1":"product","2":"type-product","3":"status-publish","4":"has-post-thumbnail","6":"product_cat-rvvg","8":"first","9":"instock","10":"shipping-taxable","11":"purchasable","12":"product-type-simple"},"_links":{"self":[{"href":"https:\/\/fonds.rvvg.lv\/shop\/wp-json\/wp\/v2\/product\/174","targetHints":{"allow":["GET"]}}],"collection":[{"href":"https:\/\/fonds.rvvg.lv\/shop\/wp-json\/wp\/v2\/product"}],"about":[{"href":"https:\/\/fonds.rvvg.lv\/shop\/wp-json\/wp\/v2\/types\/product"}],"replies":[{"embeddable":true,"href":"https:\/\/fonds.rvvg.lv\/shop\/wp-json\/wp\/v2\/comments?post=174"}],"wp:featuredmedia":[{"embeddable":true,"href":"https:\/\/fonds.rvvg.lv\/shop\/wp-json\/wp\/v2\/media\/228"}],"wp:attachment":[{"href":"https:\/\/fonds.rvvg.lv\/shop\/wp-json\/wp\/v2\/media?parent=174"}],"wp:term":[{"taxonomy":"product_brand","embeddable":true,"href":"https:\/\/fonds.rvvg.lv\/shop\/wp-json\/wp\/v2\/product_brand?post=174"},{"taxonomy":"product_cat","embeddable":true,"href":"https:\/\/fonds.rvvg.lv\/shop\/wp-json\/wp\/v2\/product_cat?post=174"},{"taxonomy":"product_tag","embeddable":true,"href":"https:\/\/fonds.rvvg.lv\/shop\/wp-json\/wp\/v2\/product_tag?post=174"}],"curies":[{"name":"wp","href":"https:\/\/api.w.org\/{rel}","templated":true}]}}