{"id":464,"date":"2022-11-03T12:34:31","date_gmt":"2022-11-03T10:34:31","guid":{"rendered":"https:\/\/fonds.rvvg.lv\/shop\/?post_type=product&#038;p=464"},"modified":"2022-11-04T10:58:43","modified_gmt":"2022-11-04T08:58:43","slug":"filma-pirmais-gadsimts-agenskalna-usb","status":"publish","type":"product","link":"https:\/\/fonds.rvvg.lv\/shop\/veikals\/filma-pirmais-gadsimts-agenskalna-usb\/","title":{"rendered":"Filma &#8220;Pirmais gadsimts \u0100genskaln\u0101&#8221; USB"},"content":{"rendered":"<p>Dokument\u0101l\u0101 filma \u201cPirmais gadsimts \u0100genskaln\u0101\u201d ir velt\u012bjums m\u016bsu skolas RVV\u0122<br \/>\n100.dzim\u0161anas dienai. T\u0101 atkl\u0101j latvie\u0161u inteli\u0123ences devumu n\u0101kamo paaud\u017eu izgl\u012bt\u012bb\u0101 un<br \/>\nLatvijas kult\u016br\u0101 100 gadu garum\u0101, atkl\u0101j kult\u016bras lomu n\u0101cijas un valsts veido\u0161an\u0101s proces\u0101, k\u0101<br \/>\nar\u012b m\u016bsu skolas da\u017e\u0101du paaud\u017eu Absolventu un pedagogu atmi\u0146u st\u0101stus \u2013 laikmeta liec\u012bbas.<br \/>\nIdeja \u2013 Sandra S\u012ble (1978.g. Sandra Ba\u0137e),filmas re\u017eisore \u2013 Daina Ra\u0161enbauma (1979.g. Daina<br \/>\nMui\u017ea), teksts Egils Zirnis (1975), kamera \u2013 Kaspars Teil\u0101ns, mont\u0101\u017ea \u2013 Gints F\u0101renhorsts,<br \/>\nska\u0146a \u2013 Ieva Mara\u010dkovska, aizkadra balss \u2013 Gundega Tabaka, producents \u00a9 RVV\u0122 atbalsta<br \/>\nfonds.<br \/>\nFilmas kadros \u2013 le\u0123end\u0101ri m\u016bsu skolas pedagogi : Biruta un Gun\u0101rs Gelbes, Arnolds R\u016b\u0137\u012btis,<br \/>\nF\u0113likss Legzdi\u0146\u0161, J\u0101nis Pupuri\u0146\u0161 un Helga Lindenberga, Leo Iciksons un Vera Varapoga, L\u016bcija<br \/>\nRudovska.<br \/>\nPar skolu un skolot\u0101jiem atmi\u0146\u0101s dal\u0101s absolventi \u2013 J\u0101nis Vasarietis (1941), \u0112riks O\u0161s<br \/>\n(1946),J\u0101nis Stradi\u0146\u0161 (1954), Andrejs Viktors Purkalns (1954), Eleonora Meija (1959), J\u0101nis<br \/>\nKrasti\u0146\u0161 (1961), P\u0113teris Bl\u016bms (1968), Ilgonis Linde (1977), Andris Teikmanis (1978), Solvita<br \/>\n\u0100bolti\u0146a (1981), M\u0101ris Rieksti\u0146\u0161 (1981), Andrejs \u0112\u0137is (1982), J\u0101nis Meija (1998).<\/p>\n","protected":false},"excerpt":{"rendered":"<p>Dokument\u0101l\u0101 filma \u201cPirmais gadsimts \u0100genskaln\u0101\u201d ir velt\u012bjums m\u016bsu skolas RVV\u0122 100.dzim\u0161anas dienai. T\u0101 atkl\u0101j latvie\u0161u inteli\u0123ences devumu n\u0101kamo paaud\u017eu izgl\u012bt\u012bb\u0101 un Latvijas [&hellip;]<\/p>\n","protected":false},"featured_media":466,"comment_status":"open","ping_status":"closed","template":"","meta":[],"product_brand":[],"product_cat":[27],"product_tag":[32],"class_list":{"0":"post-464","1":"product","2":"type-product","3":"status-publish","4":"has-post-thumbnail","6":"product_cat-rvvg","7":"product_tag-filma","9":"first","10":"instock","11":"shipping-taxable","12":"purchasable","13":"product-type-simple"},"_links":{"self":[{"href":"https:\/\/fonds.rvvg.lv\/shop\/wp-json\/wp\/v2\/product\/464","targetHints":{"allow":["GET"]}}],"collection":[{"href":"https:\/\/fonds.rvvg.lv\/shop\/wp-json\/wp\/v2\/product"}],"about":[{"href":"https:\/\/fonds.rvvg.lv\/shop\/wp-json\/wp\/v2\/types\/product"}],"replies":[{"embeddable":true,"href":"https:\/\/fonds.rvvg.lv\/shop\/wp-json\/wp\/v2\/comments?post=464"}],"wp:featuredmedia":[{"embeddable":true,"href":"https:\/\/fonds.rvvg.lv\/shop\/wp-json\/wp\/v2\/media\/466"}],"wp:attachment":[{"href":"https:\/\/fonds.rvvg.lv\/shop\/wp-json\/wp\/v2\/media?parent=464"}],"wp:term":[{"taxonomy":"product_brand","embeddable":true,"href":"https:\/\/fonds.rvvg.lv\/shop\/wp-json\/wp\/v2\/product_brand?post=464"},{"taxonomy":"product_cat","embeddable":true,"href":"https:\/\/fonds.rvvg.lv\/shop\/wp-json\/wp\/v2\/product_cat?post=464"},{"taxonomy":"product_tag","embeddable":true,"href":"https:\/\/fonds.rvvg.lv\/shop\/wp-json\/wp\/v2\/product_tag?post=464"}],"curies":[{"name":"wp","href":"https:\/\/api.w.org\/{rel}","templated":true}]}}