{"id":482,"date":"2022-12-05T20:14:06","date_gmt":"2022-12-05T18:14:06","guid":{"rendered":"https:\/\/fonds.rvvg.lv\/shop\/?post_type=product&#038;p=482"},"modified":"2025-04-02T18:45:40","modified_gmt":"2025-04-02T15:45:40","slug":"pudeles","status":"publish","type":"product","link":"https:\/\/fonds.rvvg.lv\/shop\/veikals\/pudeles\/","title":{"rendered":"Pudeles"},"content":{"rendered":"","protected":false},"excerpt":{"rendered":"<p>\u0160ogad pied\u0101v\u0101jam pudeles meln\u0101, pel\u0113k\u0101, balt\u0101, sarkan\u0101, zil\u0101 un za\u013c\u0101 kr\u0101s\u0101.<\/p>\n<p>Visas preces vien\u0101 pas\u016bt\u012bjum\u0101 tiks pieg\u0101d\u0101tas kop\u0101.<\/p>\n","protected":false},"featured_media":485,"comment_status":"open","ping_status":"closed","template":"","meta":[],"product_brand":[],"product_cat":[27],"product_tag":[],"class_list":{"0":"post-482","1":"product","2":"type-product","3":"status-publish","4":"has-post-thumbnail","6":"product_cat-rvvg","8":"first","9":"instock","10":"shipping-taxable","11":"purchasable","12":"product-type-variable"},"_links":{"self":[{"href":"https:\/\/fonds.rvvg.lv\/shop\/wp-json\/wp\/v2\/product\/482","targetHints":{"allow":["GET"]}}],"collection":[{"href":"https:\/\/fonds.rvvg.lv\/shop\/wp-json\/wp\/v2\/product"}],"about":[{"href":"https:\/\/fonds.rvvg.lv\/shop\/wp-json\/wp\/v2\/types\/product"}],"replies":[{"embeddable":true,"href":"https:\/\/fonds.rvvg.lv\/shop\/wp-json\/wp\/v2\/comments?post=482"}],"wp:featuredmedia":[{"embeddable":true,"href":"https:\/\/fonds.rvvg.lv\/shop\/wp-json\/wp\/v2\/media\/485"}],"wp:attachment":[{"href":"https:\/\/fonds.rvvg.lv\/shop\/wp-json\/wp\/v2\/media?parent=482"}],"wp:term":[{"taxonomy":"product_brand","embeddable":true,"href":"https:\/\/fonds.rvvg.lv\/shop\/wp-json\/wp\/v2\/product_brand?post=482"},{"taxonomy":"product_cat","embeddable":true,"href":"https:\/\/fonds.rvvg.lv\/shop\/wp-json\/wp\/v2\/product_cat?post=482"},{"taxonomy":"product_tag","embeddable":true,"href":"https:\/\/fonds.rvvg.lv\/shop\/wp-json\/wp\/v2\/product_tag?post=482"}],"curies":[{"name":"wp","href":"https:\/\/api.w.org\/{rel}","templated":true}]}}